{"id":3,"date":"2026-03-28T08:57:02","date_gmt":"2026-03-28T08:57:02","guid":{"rendered":"http:\/\/192.168.0.131\/arqueoblog\/?page_id=3"},"modified":"2026-03-28T22:11:21","modified_gmt":"2026-03-28T22:11:21","slug":"politica-privacidad","status":"publish","type":"page","link":"https:\/\/arqueoblog.eu\/index.php\/politica-privacidad\/","title":{"rendered":"Pol\u00edtica de privacidad"},"content":{"rendered":"<div>\n<div class=\"standard-markdown grid-cols-1 grid [&amp;_&gt;_*]:min-w-0 gap-3 standard-markdown\">\n<p class=\"font-claude-response-body break-words whitespace-normal leading-[1.7]\"><strong>Pol\u00edtica de privacidad<\/strong><\/p>\n<p class=\"font-claude-response-body break-words whitespace-normal leading-[1.7]\"><strong>Qui\u00e9nes somos<\/strong> Este sitio web es arqueoblog.eu, un blog personal sobre arqueolog\u00eda y software libre.<\/p>\n<p class=\"font-claude-response-body break-words whitespace-normal leading-[1.7]\"><strong>Im\u00e1genes<\/strong> Si subes im\u00e1genes al sitio, evita incluir datos de ubicaci\u00f3n (GPS EXIF) incrustados. Los visitantes pueden descargar las im\u00e1genes y extraer esos datos.<\/p>\n<p class=\"font-claude-response-body break-words whitespace-normal leading-[1.7]\"><strong>Contenido externo<\/strong> Las entradas pueden incluir contenido embebido de otros sitios (v\u00eddeos, im\u00e1genes, art\u00edculos). Ese contenido se comporta exactamente como si visitaras esos sitios directamente, y pueden recopilar datos, usar cookies o rastrear tu interacci\u00f3n con ellos.<\/p>\n<p class=\"font-claude-response-body break-words whitespace-normal leading-[1.7]\"><strong>Con qui\u00e9n compartimos tus datos<\/strong> No compartimos datos personales con terceros.<\/p>\n<p class=\"font-claude-response-body break-words whitespace-normal leading-[1.7]\"><strong>Tus derechos<\/strong> Puedes solicitar informaci\u00f3n sobre los datos personales que conservamos, as\u00ed como su eliminaci\u00f3n, salvo aquellos que debamos mantener por razones administrativas, legales o de seguridad. Para cualquier consulta, puedes contactar a trav\u00e9s del blog.<\/p>\n<\/div>\n<\/div>\n","protected":false},"excerpt":{"rendered":"<p>Pol\u00edtica de privacidad Qui\u00e9nes somos Este sitio web es arqueoblog.eu, un blog personal sobre arqueolog\u00eda y software libre. Im\u00e1genes Si subes im\u00e1genes al sitio, evita incluir datos de ubicaci\u00f3n (GPS EXIF) incrustados. Los visitantes pueden descargar las im\u00e1genes y extraer esos datos. Contenido externo Las entradas pueden incluir contenido embebido de otros sitios (v\u00eddeos, im\u00e1genes, [&hellip;]<\/p>\n","protected":false},"author":1,"featured_media":0,"parent":0,"menu_order":0,"comment_status":"closed","ping_status":"open","template":"","meta":[],"_links":{"self":[{"href":"https:\/\/arqueoblog.eu\/index.php\/wp-json\/wp\/v2\/pages\/3"}],"collection":[{"href":"https:\/\/arqueoblog.eu\/index.php\/wp-json\/wp\/v2\/pages"}],"about":[{"href":"https:\/\/arqueoblog.eu\/index.php\/wp-json\/wp\/v2\/types\/page"}],"author":[{"embeddable":true,"href":"https:\/\/arqueoblog.eu\/index.php\/wp-json\/wp\/v2\/users\/1"}],"replies":[{"embeddable":true,"href":"https:\/\/arqueoblog.eu\/index.php\/wp-json\/wp\/v2\/comments?post=3"}],"version-history":[{"count":2,"href":"https:\/\/arqueoblog.eu\/index.php\/wp-json\/wp\/v2\/pages\/3\/revisions"}],"predecessor-version":[{"id":21,"href":"https:\/\/arqueoblog.eu\/index.php\/wp-json\/wp\/v2\/pages\/3\/revisions\/21"}],"wp:attachment":[{"href":"https:\/\/arqueoblog.eu\/index.php\/wp-json\/wp\/v2\/media?parent=3"}],"curies":[{"name":"wp","href":"https:\/\/api.w.org\/{rel}","templated":true}]}}